{"id":47,"date":"2025-05-21T11:59:47","date_gmt":"2025-05-21T09:59:47","guid":{"rendered":"https:\/\/alopro68.fr\/?page_id=47"},"modified":"2025-06-06T10:11:52","modified_gmt":"2025-06-06T08:11:52","slug":"nos-services","status":"publish","type":"page","link":"https:\/\/alopro68.fr\/?page_id=47","title":{"rendered":"Nos services"},"content":{"rendered":"\n<p><\/p>\n\n\n\n<div class=\"wp-block-media-text is-stacked-on-mobile\"><figure class=\"wp-block-media-text__media\"><img loading=\"lazy\" decoding=\"async\" width=\"361\" height=\"511\" src=\"https:\/\/alopro68.fr\/wp-content\/uploads\/2025\/05\/flyer-25-vf-Modifie-1.jpg\" alt=\"\" class=\"wp-image-49 size-full\" srcset=\"https:\/\/alopro68.fr\/wp-content\/uploads\/2025\/05\/flyer-25-vf-Modifie-1.jpg 361w, https:\/\/alopro68.fr\/wp-content\/uploads\/2025\/05\/flyer-25-vf-Modifie-1-212x300.jpg 212w\" sizes=\"auto, (max-width: 361px) 100vw, 361px\" \/><\/figure><div class=\"wp-block-media-text__content\">\n<p><\/p>\n<\/div><\/div>\n\n\n\n<p>GESTION DES APPELS TELEPHONIQUES<\/p>\n\n\n\n<ul class=\"wp-block-list\">\n<li>R\u00e9ception des appels entrants<\/li>\n\n\n\n<li>Filtrage des appels selon l&rsquo;urgence<\/li>\n\n\n\n<li>Transmission des messages ou mise en relation directe si besoin<\/li>\n<\/ul>\n\n\n\n<p>GESTION DE L&rsquo;AGENDA<\/p>\n\n\n\n<ul class=\"wp-block-list\">\n<li>Prise, modification et annulation de rendez-vous en temps r\u00e9el<\/li>\n\n\n\n<li>Organisation de l&rsquo;agenda selon pr\u00e9f\u00e9rences du praticien<\/li>\n\n\n\n<li>Envoi de rappels aux patients (SMS, mails)<\/li>\n<\/ul>\n\n\n\n<p>RELATION PATIENT<\/p>\n\n\n\n<ul class=\"wp-block-list\">\n<li>Accueil t\u00e9l\u00e9phonique chaleureux et professionnel, \u00e0 l&rsquo;\u00e9coute<\/li>\n\n\n\n<li>R\u00e9ponse aux questions courantes<\/li>\n\n\n\n<li>Prise en charge bienveillante dans le respect du secret m\u00e9dical<\/li>\n<\/ul>\n","protected":false},"excerpt":{"rendered":"<p>GESTION DES APPELS TELEPHONIQUES GESTION DE L&rsquo;AGENDA RELATION PATIENT<\/p>\n","protected":false},"author":1,"featured_media":0,"parent":0,"menu_order":2,"comment_status":"closed","ping_status":"closed","template":"","meta":{"footnotes":""},"class_list":["post-47","page","type-page","status-publish","hentry"],"_links":{"self":[{"href":"https:\/\/alopro68.fr\/index.php?rest_route=\/wp\/v2\/pages\/47","targetHints":{"allow":["GET"]}}],"collection":[{"href":"https:\/\/alopro68.fr\/index.php?rest_route=\/wp\/v2\/pages"}],"about":[{"href":"https:\/\/alopro68.fr\/index.php?rest_route=\/wp\/v2\/types\/page"}],"author":[{"embeddable":true,"href":"https:\/\/alopro68.fr\/index.php?rest_route=\/wp\/v2\/users\/1"}],"replies":[{"embeddable":true,"href":"https:\/\/alopro68.fr\/index.php?rest_route=%2Fwp%2Fv2%2Fcomments&post=47"}],"version-history":[{"count":2,"href":"https:\/\/alopro68.fr\/index.php?rest_route=\/wp\/v2\/pages\/47\/revisions"}],"predecessor-version":[{"id":67,"href":"https:\/\/alopro68.fr\/index.php?rest_route=\/wp\/v2\/pages\/47\/revisions\/67"}],"wp:attachment":[{"href":"https:\/\/alopro68.fr\/index.php?rest_route=%2Fwp%2Fv2%2Fmedia&parent=47"}],"curies":[{"name":"wp","href":"https:\/\/api.w.org\/{rel}","templated":true}]}}