{"id":30,"date":"2025-05-09T10:21:39","date_gmt":"2025-05-09T08:21:39","guid":{"rendered":"https:\/\/alopro68.fr\/?page_id=30"},"modified":"2025-06-06T08:40:17","modified_gmt":"2025-06-06T06:40:17","slug":"presentation","status":"publish","type":"page","link":"https:\/\/alopro68.fr\/","title":{"rendered":"Pr\u00e9sentation"},"content":{"rendered":"\n<p>\u201cNous\u201d Alo@Pro et ProPhone, coll\u00e8gues et conjoints, St\u00e9phanie et Fabrice, pour accueillir avec le sourire vos patients pour leur prise de rendez-vous t\u00e9l\u00e9phonique.<\/p>\n\n\n\n<p>Forts d\u2019une exp\u00e9rience de plusieurs ann\u00e9es, nous sommes reconnus pour notre sens du contact, de la disponibilit\u00e9 et de l\u2019\u00e9coute que nous apportons \u00e0 tout un chacun. <\/p>\n\n\n\n<p>Nous vous offrons un service de qualit\u00e9, de proximit\u00e9 avec professionnalisme et travaillons selon vos exigences.<\/p>\n\n\n\n<p>Vous trouverez dans la rubrique \u201cNos tarifs et prestations\u201d notre grille tarifaire.<\/p>\n\n\n\n<p>Nous sommes bien entendu \u00e0 votre \u00e9coute pour toute \u00e9tude personnalis\u00e9e.<\/p>\n\n\n\n<p>N\u2019h\u00e9sitez plus \u00e0 nous contacter pour vous rendre votre quotidien plus serein !<\/p>\n\n\n\n<div class=\"wp-block-media-text is-stacked-on-mobile\"><figure class=\"wp-block-media-text__media\"><img loading=\"lazy\" decoding=\"async\" width=\"1024\" height=\"1024\" src=\"https:\/\/alopro68.fr\/wp-content\/uploads\/2025\/05\/iStock-1491632328.jpg\" alt=\"\" class=\"wp-image-36 size-full\" srcset=\"https:\/\/alopro68.fr\/wp-content\/uploads\/2025\/05\/iStock-1491632328.jpg 1024w, https:\/\/alopro68.fr\/wp-content\/uploads\/2025\/05\/iStock-1491632328-300x300.jpg 300w, https:\/\/alopro68.fr\/wp-content\/uploads\/2025\/05\/iStock-1491632328-150x150.jpg 150w, https:\/\/alopro68.fr\/wp-content\/uploads\/2025\/05\/iStock-1491632328-768x768.jpg 768w\" sizes=\"auto, (max-width: 1024px) 100vw, 1024px\" \/><\/figure><div class=\"wp-block-media-text__content\">\n<p><\/p>\n<\/div><\/div>\n\n\n\n<p><\/p>\n","protected":false},"excerpt":{"rendered":"<p>\u201cNous\u201d Alo@Pro et ProPhone, coll\u00e8gues et conjoints, St\u00e9phanie et Fabrice, pour accueillir avec le sourire vos patients pour leur prise de rendez-vous t\u00e9l\u00e9phonique. Forts d\u2019une exp\u00e9rience de plusieurs ann\u00e9es, nous sommes reconnus pour notre sens du contact, de la disponibilit\u00e9 et de l\u2019\u00e9coute que nous apportons \u00e0 tout un chacun. Nous vous offrons un service [&hellip;]<\/p>\n","protected":false},"author":1,"featured_media":0,"parent":0,"menu_order":1,"comment_status":"closed","ping_status":"closed","template":"","meta":{"footnotes":""},"class_list":["post-30","page","type-page","status-publish","hentry"],"_links":{"self":[{"href":"https:\/\/alopro68.fr\/index.php?rest_route=\/wp\/v2\/pages\/30","targetHints":{"allow":["GET"]}}],"collection":[{"href":"https:\/\/alopro68.fr\/index.php?rest_route=\/wp\/v2\/pages"}],"about":[{"href":"https:\/\/alopro68.fr\/index.php?rest_route=\/wp\/v2\/types\/page"}],"author":[{"embeddable":true,"href":"https:\/\/alopro68.fr\/index.php?rest_route=\/wp\/v2\/users\/1"}],"replies":[{"embeddable":true,"href":"https:\/\/alopro68.fr\/index.php?rest_route=%2Fwp%2Fv2%2Fcomments&post=30"}],"version-history":[{"count":5,"href":"https:\/\/alopro68.fr\/index.php?rest_route=\/wp\/v2\/pages\/30\/revisions"}],"predecessor-version":[{"id":58,"href":"https:\/\/alopro68.fr\/index.php?rest_route=\/wp\/v2\/pages\/30\/revisions\/58"}],"wp:attachment":[{"href":"https:\/\/alopro68.fr\/index.php?rest_route=%2Fwp%2Fv2%2Fmedia&parent=30"}],"curies":[{"name":"wp","href":"https:\/\/api.w.org\/{rel}","templated":true}]}}